{"id":195,"date":"2025-02-05T11:41:02","date_gmt":"2025-02-05T10:41:02","guid":{"rendered":"https:\/\/logstudi-di-genere.unibs.it\/?page_id=195"},"modified":"2025-07-08T16:05:47","modified_gmt":"2025-07-08T14:05:47","slug":"i-progetti","status":"publish","type":"page","link":"https:\/\/logstudi-di-genere.unibs.it\/index.php\/i-progetti\/","title":{"rendered":"Progetti"},"content":{"rendered":"\t\t<div data-elementor-type=\"wp-page\" data-elementor-id=\"195\" class=\"elementor elementor-195\">\n\t\t\t\t<div class=\"elementor-element elementor-element-d03a761 e-flex e-con-boxed e-con e-parent\" data-id=\"d03a761\" data-element_type=\"container\">\n\t\t\t\t\t<div class=\"e-con-inner\">\n\t\t\t\t<div class=\"elementor-element elementor-element-3b4e9e2 elementor-widget elementor-widget-image\" data-id=\"3b4e9e2\" data-element_type=\"widget\" data-widget_type=\"image.default\">\n\t\t\t\t<div class=\"elementor-widget-container\">\n\t\t\t\t\t\t\t\t\t\t\t\t\t\t\t<img fetchpriority=\"high\" decoding=\"async\" width=\"800\" height=\"227\" src=\"https:\/\/logstudi-di-genere.unibs.it\/wp-content\/uploads\/2025\/02\/concept-green-energy-created-with-help-generative-ai-technology-1024x291.jpg\" class=\"attachment-large size-large wp-image-248\" alt=\"\" srcset=\"https:\/\/logstudi-di-genere.unibs.it\/wp-content\/uploads\/2025\/02\/concept-green-energy-created-with-help-generative-ai-technology-1024x291.jpg 1024w, https:\/\/logstudi-di-genere.unibs.it\/wp-content\/uploads\/2025\/02\/concept-green-energy-created-with-help-generative-ai-technology-300x85.jpg 300w, https:\/\/logstudi-di-genere.unibs.it\/wp-content\/uploads\/2025\/02\/concept-green-energy-created-with-help-generative-ai-technology-768x218.jpg 768w, https:\/\/logstudi-di-genere.unibs.it\/wp-content\/uploads\/2025\/02\/concept-green-energy-created-with-help-generative-ai-technology-1536x436.jpg 1536w, https:\/\/logstudi-di-genere.unibs.it\/wp-content\/uploads\/2025\/02\/concept-green-energy-created-with-help-generative-ai-technology-2048x581.jpg 2048w\" sizes=\"(max-width: 800px) 100vw, 800px\" \/>\t\t\t\t\t\t\t\t\t\t\t\t\t\t\t<\/div>\n\t\t\t\t<\/div>\n\t\t\t\t<div class=\"elementor-element elementor-element-e897e15 elementor-widget-divider--view-line elementor-widget elementor-widget-divider\" data-id=\"e897e15\" data-element_type=\"widget\" data-widget_type=\"divider.default\">\n\t\t\t\t<div class=\"elementor-widget-container\">\n\t\t\t\t\t\t\t<div class=\"elementor-divider\">\n\t\t\t<span class=\"elementor-divider-separator\">\n\t\t\t\t\t\t<\/span>\n\t\t<\/div>\n\t\t\t\t\t\t<\/div>\n\t\t\t\t<\/div>\n\t\t\t\t\t<\/div>\n\t\t\t\t<\/div>\n\t\t<div class=\"elementor-element elementor-element-c712699 e-con-full e-flex e-con e-parent\" data-id=\"c712699\" data-element_type=\"container\" data-settings=\"{&quot;background_background&quot;:&quot;classic&quot;}\">\n\t\t\t\t<div class=\"elementor-element elementor-element-c6fe5c9 elementor-widget-divider--view-line elementor-widget elementor-widget-divider\" data-id=\"c6fe5c9\" data-element_type=\"widget\" data-widget_type=\"divider.default\">\n\t\t\t\t<div class=\"elementor-widget-container\">\n\t\t\t\t\t\t\t<div class=\"elementor-divider\">\n\t\t\t<span class=\"elementor-divider-separator\">\n\t\t\t\t\t\t<\/span>\n\t\t<\/div>\n\t\t\t\t\t\t<\/div>\n\t\t\t\t<\/div>\n\t\t\t\t<div class=\"elementor-element elementor-element-dbce174 elementor-widget elementor-widget-heading\" data-id=\"dbce174\" data-element_type=\"widget\" data-widget_type=\"heading.default\">\n\t\t\t\t<div class=\"elementor-widget-container\">\n\t\t\t\t\t<h2 class=\"elementor-heading-title elementor-size-default\">I nostri progetti<\/h2>\t\t\t\t<\/div>\n\t\t\t\t<\/div>\n\t\t\t\t<div class=\"elementor-element elementor-element-51d6975 elementor-position-top elementor-widget elementor-widget-image-box\" data-id=\"51d6975\" data-element_type=\"widget\" data-widget_type=\"image-box.default\">\n\t\t\t\t<div class=\"elementor-widget-container\">\n\t\t\t\t\t<div class=\"elementor-image-box-wrapper\"><figure class=\"elementor-image-box-img\"><a href=\"https:\/\/www.sage-growingequality.eu\/\" tabindex=\"-1\"><img decoding=\"async\" src=\"https:\/\/logstudi-di-genere.unibs.it\/wp-content\/uploads\/elementor\/thumbs\/Identidad-Visual-IT.-06-scaled-r84sjlcivx5hvh4x5c1kzzp4z70oybz83r6whaih60.png\" title=\"Identidad Visual IT.-06\" alt=\"Identidad Visual IT.-06\" loading=\"lazy\" \/><\/a><\/figure><div class=\"elementor-image-box-content\"><h3 class=\"elementor-image-box-title\"><a href=\"https:\/\/www.sage-growingequality.eu\/\">EVA<\/a><\/h3><p class=\"elementor-image-box-description\">EVA \u00e8 l\u2019acronimo del progetto europeo \u201cCreaci\u00f3n de capacidades en educaci\u00f3n superior para el fomento de la EMPLEABILIDAD VERDE EN LAS ANTILLAS con enfoque de justicia clim\u00e1tica y de g\u00e9nero\u201d, finanziato nell\u2019ambito del programma ERASMUS-EDU-2024-CBHE. In un contesto caratterizzato da forti disuguaglianze digitali e sfide socioeconomiche, la regione caraibica si trova oggi nella necessit\u00e0 di integrarsi nell\u2019economia digitale globale senza rinunciare alla propria identit\u00e0 culturale. Il progetto EVA, della durata di tre anni, punta a promuovere la formazione nell\u2019istruzione superiore ed a rafforzarne le capacit\u00e0, al fine di favorire l\u2019occupabilit\u00e0 verde nei paesi caraibici. Il suo obiettivo principale \u00e8 migliorare la qualit\u00e0 dell\u2019istruzione superiore ed incentivare l\u2019occupabilit\u00e0 verde attraverso la formazione del personale docente e la modernizzazione di cinque curricula universitari, con un approccio che integra sostenibilit\u00e0, giustizia climatica ed equit\u00e0 di genere. Questo approccio mira non solo ad aggiornare i contenuti accademici ma anche ad allineare le competenze delle laureate e dei laureati alle esigenze di un mercato del lavoro verde, emergente e dinamico nella regione. Il progetto coinvolge un consorzio composto da dieci istituzioni accademiche ed organizzazioni provenienti sia dall\u2019Unione Europea che dall\u2019area caraibica, concentrandosi sulle Universit\u00e0 di Cuba, Haiti e Bahamas.\n<\/p><\/div><\/div>\t\t\t\t<\/div>\n\t\t\t\t<\/div>\n\t\t\t\t<div class=\"elementor-element elementor-element-3bc8cc3 elementor-widget-divider--view-line elementor-widget elementor-widget-divider\" data-id=\"3bc8cc3\" data-element_type=\"widget\" data-widget_type=\"divider.default\">\n\t\t\t\t<div class=\"elementor-widget-container\">\n\t\t\t\t\t\t\t<div class=\"elementor-divider\">\n\t\t\t<span class=\"elementor-divider-separator\">\n\t\t\t\t\t\t<\/span>\n\t\t<\/div>\n\t\t\t\t\t\t<\/div>\n\t\t\t\t<\/div>\n\t\t<div class=\"elementor-element elementor-element-8d79894 e-con-full e-flex e-con e-child\" data-id=\"8d79894\" data-element_type=\"container\">\n\t\t\t\t<div class=\"elementor-element elementor-element-8f0d9b5 elementor-position-top elementor-widget elementor-widget-image-box\" data-id=\"8f0d9b5\" data-element_type=\"widget\" data-widget_type=\"image-box.default\">\n\t\t\t\t<div class=\"elementor-widget-container\">\n\t\t\t\t\t<div class=\"elementor-image-box-wrapper\"><figure class=\"elementor-image-box-img\"><a href=\"https:\/\/budget-it.eu\/\" tabindex=\"-1\"><img decoding=\"async\" width=\"207\" height=\"46\" src=\"https:\/\/logstudi-di-genere.unibs.it\/wp-content\/uploads\/2025\/02\/Immagine-2025-02-05-112707.png\" class=\"attachment-full size-full wp-image-201\" alt=\"\" \/><\/a><\/figure><div class=\"elementor-image-box-content\"><h3 class=\"elementor-image-box-title\"><a href=\"https:\/\/budget-it.eu\/\">BUDGET IT<\/a><\/h3><p class=\"elementor-image-box-description\">BUDGET IT \u00e8 un progetto finanziato dall\u2019UE nell\u2019ambito del programma Horizon-Widera-2022-Era-01-81. Ha una durata di tre anni e mira ad almeno tre obiettivi: redazione del Bilancio di genere; redazione delle linee guida europee per l\u2019integrazione degli strumenti del Bilancio di genere con il Gender Equality Plan (GEP); nonch\u00e9 individuare le esigenze del personale per una trasformazione istituzionale inclusiva.\n\nL\u2019Universit\u00e0 degli Studi di Brescia \u00e8 partner del progetto insieme a: Kadir Has University (KHAS), Turchia; Universit\u00e0 di Alicante (UA), Spagna; Univerzitet-Sarajevska Skola Za\nNauku i Tehnologiju Pu (SSST), Bosnia; Univerzitet u Beogradu \u2013 Pravni Fakultet (UBELGRADE), Serbia; Comune di Brescia, Italia; Ayuntamiento de Novelda (NOVEL),\nSpagna; Maltepe Municipality (MALTEPE), Turchia; City Municipality of Stari Grad (STARI), Serbia.\n<\/p><\/div><\/div>\t\t\t\t<\/div>\n\t\t\t\t<\/div>\n\t\t\t\t<div class=\"elementor-element elementor-element-1a3d626 elementor-widget-divider--view-line elementor-widget elementor-widget-divider\" data-id=\"1a3d626\" data-element_type=\"widget\" data-widget_type=\"divider.default\">\n\t\t\t\t<div class=\"elementor-widget-container\">\n\t\t\t\t\t\t\t<div class=\"elementor-divider\">\n\t\t\t<span class=\"elementor-divider-separator\">\n\t\t\t\t\t\t<\/span>\n\t\t<\/div>\n\t\t\t\t\t\t<\/div>\n\t\t\t\t<\/div>\n\t\t\t\t<div class=\"elementor-element elementor-element-6433eef elementor-position-top elementor-widget elementor-widget-image-box\" data-id=\"6433eef\" data-element_type=\"widget\" data-widget_type=\"image-box.default\">\n\t\t\t\t<div class=\"elementor-widget-container\">\n\t\t\t\t\t<div class=\"elementor-image-box-wrapper\"><figure class=\"elementor-image-box-img\"><a href=\"https:\/\/inclusion4all.eu\/\" tabindex=\"-1\"><img decoding=\"async\" width=\"930\" height=\"169\" src=\"https:\/\/logstudi-di-genere.unibs.it\/wp-content\/uploads\/2025\/02\/Screenshot-2025-02-05-132351.png\" class=\"attachment-full size-full wp-image-219\" alt=\"\" srcset=\"https:\/\/logstudi-di-genere.unibs.it\/wp-content\/uploads\/2025\/02\/Screenshot-2025-02-05-132351.png 930w, https:\/\/logstudi-di-genere.unibs.it\/wp-content\/uploads\/2025\/02\/Screenshot-2025-02-05-132351-300x55.png 300w, https:\/\/logstudi-di-genere.unibs.it\/wp-content\/uploads\/2025\/02\/Screenshot-2025-02-05-132351-768x140.png 768w\" sizes=\"(max-width: 930px) 100vw, 930px\" \/><\/a><\/figure><div class=\"elementor-image-box-content\"><h3 class=\"elementor-image-box-title\"><a href=\"https:\/\/inclusion4all.eu\/\">Inclusion4All<\/a><\/h3><p class=\"elementor-image-box-description\">Il progetto mira a migliorare le conoscenze in materia di inclusivit\u00e0, costruire varie capacit\u00e0 in merito e sensibilizzare per migliorare gli sforzi nella creazione di luoghi di lavoro inclusivi per persone T, I e nonbinary.\n\nLe attivit\u00e0 pianificate includono: \n1) condurre ricerche approfondite (con elementi quantitativi e qualitativi) tra persone T, I e nonbinary sulle loro esperienze lavorative, nonch\u00e9 tra i professionisti delle risorse umane sulle loro esperienze, conoscenze e aspettative, e condividere i risultati con le parti interessate e il pubblico generale;\n2) formazione e sviluppo delle capacit\u00e0 per i professionisti delle risorse umane (formazione in presenza, formazione online, sviluppo di materiale per un uso a lungo termine);\n3) formazione e sviluppo delle capacit\u00e0 per persone T, I e nonbinary: sessioni pi\u00f9 lunghe, impegno a lungo termine e sviluppo di competenze nella ricerca di lavoro e consapevolezza legale, in collaborazione con i professionisti delle risorse umane;\n4) sensibilizzazione attraverso la pubblicazione di informazioni e la conduzione di campagne di sensibilizzazione.<\/p><\/div><\/div>\t\t\t\t<\/div>\n\t\t\t\t<\/div>\n\t\t\t\t<div class=\"elementor-element elementor-element-0fbc270 elementor-widget-divider--view-line elementor-widget elementor-widget-divider\" data-id=\"0fbc270\" data-element_type=\"widget\" data-widget_type=\"divider.default\">\n\t\t\t\t<div class=\"elementor-widget-container\">\n\t\t\t\t\t\t\t<div class=\"elementor-divider\">\n\t\t\t<span class=\"elementor-divider-separator\">\n\t\t\t\t\t\t<\/span>\n\t\t<\/div>\n\t\t\t\t\t\t<\/div>\n\t\t\t\t<\/div>\n\t\t\t\t<div class=\"elementor-element elementor-element-72c521b elementor-position-top elementor-widget elementor-widget-image-box\" data-id=\"72c521b\" data-element_type=\"widget\" data-widget_type=\"image-box.default\">\n\t\t\t\t<div class=\"elementor-widget-container\">\n\t\t\t\t\t<div class=\"elementor-image-box-wrapper\"><figure class=\"elementor-image-box-img\"><a href=\"https:\/\/schools.bilitis.org\/schools-out\/\" tabindex=\"-1\"><img loading=\"lazy\" decoding=\"async\" width=\"187\" height=\"68\" src=\"https:\/\/logstudi-di-genere.unibs.it\/wp-content\/uploads\/2025\/02\/Screenshot-2025-02-05-133532.png\" class=\"attachment-full size-full wp-image-223\" alt=\"\" \/><\/a><\/figure><div class=\"elementor-image-box-content\"><h3 class=\"elementor-image-box-title\"><a href=\"https:\/\/schools.bilitis.org\/schools-out\/\">School's OUT<\/a><\/h3><p class=\"elementor-image-box-description\">Il progetto School\u2019s Out mira a creare un ambiente scolastico migliore per gli studenti LGBTI aumentando le conoscenze degli insegnanti sull'inclusione degli argomenti LGBTI nelle lezioni e su come affrontare il problema del bullismo scolastico. Affronta le sfide che gli studenti LGBTI e non conformi al genere incontrano nelle scuole, formando gli insegnanti e guidando le scuole su come implementare politiche inclusive per LGBTI e genere.<\/p><\/div><\/div>\t\t\t\t<\/div>\n\t\t\t\t<\/div>\n\t\t\t\t<div class=\"elementor-element elementor-element-5663c24 elementor-widget-divider--view-line elementor-widget elementor-widget-divider\" data-id=\"5663c24\" data-element_type=\"widget\" data-widget_type=\"divider.default\">\n\t\t\t\t<div class=\"elementor-widget-container\">\n\t\t\t\t\t\t\t<div class=\"elementor-divider\">\n\t\t\t<span class=\"elementor-divider-separator\">\n\t\t\t\t\t\t<\/span>\n\t\t<\/div>\n\t\t\t\t\t\t<\/div>\n\t\t\t\t<\/div>\n\t\t\t\t<div class=\"elementor-element elementor-element-6fb1d8e elementor-position-top elementor-widget elementor-widget-image-box\" data-id=\"6fb1d8e\" data-element_type=\"widget\" data-widget_type=\"image-box.default\">\n\t\t\t\t<div class=\"elementor-widget-container\">\n\t\t\t\t\t<div class=\"elementor-image-box-wrapper\"><figure class=\"elementor-image-box-img\"><a href=\"https:\/\/www.diversitygroup.lt\/fwp_portfolio\/universities-towards-diversity-unidiversity\/\" tabindex=\"-1\"><img loading=\"lazy\" decoding=\"async\" width=\"328\" height=\"104\" src=\"https:\/\/logstudi-di-genere.unibs.it\/wp-content\/uploads\/2025\/02\/Screenshot-2025-02-05-133731.png\" class=\"attachment-full size-full wp-image-224\" alt=\"\" srcset=\"https:\/\/logstudi-di-genere.unibs.it\/wp-content\/uploads\/2025\/02\/Screenshot-2025-02-05-133731.png 328w, https:\/\/logstudi-di-genere.unibs.it\/wp-content\/uploads\/2025\/02\/Screenshot-2025-02-05-133731-300x95.png 300w\" sizes=\"(max-width: 328px) 100vw, 328px\" \/><\/a><\/figure><div class=\"elementor-image-box-content\"><h3 class=\"elementor-image-box-title\"><a href=\"https:\/\/www.diversitygroup.lt\/fwp_portfolio\/universities-towards-diversity-unidiversity\/\">UniDiversity: Universities towards Diversities<\/a><\/h3><p class=\"elementor-image-box-description\">UniDiversity \u00e8 un'iniziativa volta a rendere l'ambiente accademico pi\u00f9 inclusivo nei confronti delle persone Lesbiche, Gay, Bisessuali, Transgender e Intersex (LGBTI+) affrontando gli incidenti discriminatori basati sull'orientamento sessuale, l'identit\u00e0 di genere e le caratteristiche di genere (SOGISC) e formando l'intera comunit\u00e0 accademica (personale permanente, ricercatori, studenti e altro personale) sull'uso di un linguaggio e comportamenti inclusivi, nonch\u00e9 sulla risoluzione dei conflitti, per identificare, combattere e infine prevenire la discriminazione basata su SOGISC.\n\nL'obiettivo generale \u00e8 promuovere la diversit\u00e0 nell'ambiente accademico, garantendo l'uguaglianza delle persone LGBTI+ nelle universit\u00e0 in Grecia, Lituania e Italia, affrontando l'omofobia e la transfobia nell'ambiente universitario e la discriminazione basata su SOGISC.<\/p><\/div><\/div>\t\t\t\t<\/div>\n\t\t\t\t<\/div>\n\t\t\t\t<div class=\"elementor-element elementor-element-b61efdb elementor-widget-divider--view-line elementor-widget elementor-widget-divider\" data-id=\"b61efdb\" data-element_type=\"widget\" data-widget_type=\"divider.default\">\n\t\t\t\t<div class=\"elementor-widget-container\">\n\t\t\t\t\t\t\t<div class=\"elementor-divider\">\n\t\t\t<span class=\"elementor-divider-separator\">\n\t\t\t\t\t\t<\/span>\n\t\t<\/div>\n\t\t\t\t\t\t<\/div>\n\t\t\t\t<\/div>\n\t\t\t\t<div class=\"elementor-element elementor-element-9fc3e2e elementor-position-top elementor-widget elementor-widget-image-box\" data-id=\"9fc3e2e\" data-element_type=\"widget\" data-widget_type=\"image-box.default\">\n\t\t\t\t<div class=\"elementor-widget-container\">\n\t\t\t\t\t<div class=\"elementor-image-box-wrapper\"><figure class=\"elementor-image-box-img\"><a href=\"https:\/\/www.letsgobytalking.eu\/\" tabindex=\"-1\"><img loading=\"lazy\" decoding=\"async\" width=\"205\" height=\"46\" src=\"https:\/\/logstudi-di-genere.unibs.it\/wp-content\/uploads\/2025\/02\/Screenshot-2025-02-05-133908.png\" class=\"attachment-full size-full wp-image-225\" alt=\"\" \/><\/a><\/figure><div class=\"elementor-image-box-content\"><h3 class=\"elementor-image-box-title\"><a href=\"https:\/\/www.letsgobytalking.eu\/\">LetSGoByTalking<\/a><\/h3><p class=\"elementor-image-box-description\">LetsGoByTalking riunisce una partnership con competenze in crimini d'odio, LGBT-fobia e giustizia riparativa per migliorare i diritti delle vittime di crimini d'odio anti-LGBT. Utilizzando un approccio etnografico, LetsGoByTalking raccoglie e analizza le esperienze e le necessit\u00e0 dal territorio per implementare azioni che promuovano i diritti delle vittime LGBT attraverso percorsi innovativi di giustizia riparativa.<\/p><\/div><\/div>\t\t\t\t<\/div>\n\t\t\t\t<\/div>\n\t\t\t\t<div class=\"elementor-element elementor-element-1ea6fb7 elementor-widget-divider--view-line elementor-widget elementor-widget-divider\" data-id=\"1ea6fb7\" data-element_type=\"widget\" data-widget_type=\"divider.default\">\n\t\t\t\t<div class=\"elementor-widget-container\">\n\t\t\t\t\t\t\t<div class=\"elementor-divider\">\n\t\t\t<span class=\"elementor-divider-separator\">\n\t\t\t\t\t\t<\/span>\n\t\t<\/div>\n\t\t\t\t\t\t<\/div>\n\t\t\t\t<\/div>\n\t\t\t\t<div class=\"elementor-element elementor-element-1068012 elementor-position-top elementor-widget elementor-widget-image-box\" data-id=\"1068012\" data-element_type=\"widget\" data-widget_type=\"image-box.default\">\n\t\t\t\t<div class=\"elementor-widget-container\">\n\t\t\t\t\t<div class=\"elementor-image-box-wrapper\"><figure class=\"elementor-image-box-img\"><a href=\"https:\/\/opendoorshealth.eu\/en\/home\" tabindex=\"-1\"><img loading=\"lazy\" decoding=\"async\" width=\"126\" height=\"84\" src=\"https:\/\/logstudi-di-genere.unibs.it\/wp-content\/uploads\/2025\/02\/Screenshot-2025-02-05-134045.png\" class=\"attachment-full size-full wp-image-227\" alt=\"\" \/><\/a><\/figure><div class=\"elementor-image-box-content\"><h3 class=\"elementor-image-box-title\"><a href=\"https:\/\/opendoorshealth.eu\/en\/home\">OPENDOORS<\/a><\/h3><p class=\"elementor-image-box-description\">Il progetto concentra la sua attenzione sulle principali ineguaglianze, barriere e discriminazioni esistenti in ambito sanitario basate sull'orientamento sessuale, sull'identit\u00e0 di genere e sulle caratteristiche sessuali delle persone LGBTI.\n\nLe cause profonde delle ineguaglianze in ambito sanitario sperimentate dalle persone LGBTI risiedono in fattori di tipo ambientale, sociale, culturale e politico: i) norme culturali e sociali che attribuiscono preferenza e priorit\u00e0 all'eterosessualit\u00e0; ii) \u201cminority stress\u201d iii) vittimizzazione; iv) discriminazione e v) stigma.<\/p><\/div><\/div>\t\t\t\t<\/div>\n\t\t\t\t<\/div>\n\t\t\t\t<div class=\"elementor-element elementor-element-f0976ec elementor-widget-divider--view-line elementor-widget elementor-widget-divider\" data-id=\"f0976ec\" data-element_type=\"widget\" data-widget_type=\"divider.default\">\n\t\t\t\t<div class=\"elementor-widget-container\">\n\t\t\t\t\t\t\t<div class=\"elementor-divider\">\n\t\t\t<span class=\"elementor-divider-separator\">\n\t\t\t\t\t\t<\/span>\n\t\t<\/div>\n\t\t\t\t\t\t<\/div>\n\t\t\t\t<\/div>\n\t\t\t\t<div class=\"elementor-element elementor-element-af2edf3 elementor-position-top elementor-widget elementor-widget-image-box\" data-id=\"af2edf3\" data-element_type=\"widget\" data-widget_type=\"image-box.default\">\n\t\t\t\t<div class=\"elementor-widget-container\">\n\t\t\t\t\t<div class=\"elementor-image-box-wrapper\"><figure class=\"elementor-image-box-img\"><a href=\"https:\/\/we-project.eu\/project\/come-forward-call-it-hate\/\" tabindex=\"-1\"><img loading=\"lazy\" decoding=\"async\" width=\"235\" height=\"192\" src=\"https:\/\/logstudi-di-genere.unibs.it\/wp-content\/uploads\/2025\/02\/Screenshot-2025-02-05-134607.png\" class=\"attachment-full size-full wp-image-228\" alt=\"\" \/><\/a><\/figure><div class=\"elementor-image-box-content\"><h3 class=\"elementor-image-box-title\"><a href=\"https:\/\/we-project.eu\/project\/come-forward-call-it-hate\/\">Call It Hate<\/a><\/h3><p class=\"elementor-image-box-description\">L'obiettivo del progetto \u00e8 sensibilizzare l'opinione pubblica e le comunit\u00e0 LGBT sui crimini d'odio anti-LGBT, sottolineare l'importanza di denunciarli e dare forza alle vittime. In tal modo, il progetto ha affrontato un'esigenza comune all'interno dell'Unione Europea di informare e rafforzare le comunit\u00e0 bersaglio e prevenire la vittimizzazione secondaria delle vittime di crimini d'odio omofobici e transfobici.<\/p><\/div><\/div>\t\t\t\t<\/div>\n\t\t\t\t<\/div>\n\t\t\t\t<div class=\"elementor-element elementor-element-780ff06 elementor-widget-divider--view-line elementor-widget elementor-widget-divider\" data-id=\"780ff06\" data-element_type=\"widget\" data-widget_type=\"divider.default\">\n\t\t\t\t<div class=\"elementor-widget-container\">\n\t\t\t\t\t\t\t<div class=\"elementor-divider\">\n\t\t\t<span class=\"elementor-divider-separator\">\n\t\t\t\t\t\t<\/span>\n\t\t<\/div>\n\t\t\t\t\t\t<\/div>\n\t\t\t\t<\/div>\n\t\t\t\t<div class=\"elementor-element elementor-element-e11d733 elementor-position-top elementor-widget elementor-widget-image-box\" data-id=\"e11d733\" data-element_type=\"widget\" data-widget_type=\"image-box.default\">\n\t\t\t\t<div class=\"elementor-widget-container\">\n\t\t\t\t\t<div class=\"elementor-image-box-wrapper\"><figure class=\"elementor-image-box-img\"><a href=\"https:\/\/www.sage-growingequality.eu\/\" tabindex=\"-1\"><img loading=\"lazy\" decoding=\"async\" width=\"174\" height=\"120\" src=\"https:\/\/logstudi-di-genere.unibs.it\/wp-content\/uploads\/2025\/02\/Screenshot-2025-02-05-134926.png\" class=\"attachment-full size-full wp-image-229\" alt=\"\" \/><\/a><\/figure><div class=\"elementor-image-box-content\"><h3 class=\"elementor-image-box-title\"><a href=\"https:\/\/www.sage-growingequality.eu\/\">SAGE: Systemic Action for Gender Equality<\/a><\/h3><p class=\"elementor-image-box-description\">SAGE \u00e8 un progetto finanziato dall'UE nell'ambito del programma Horizon 2020, concepito per promuovere un'azione pi\u00f9 incisiva sulla parit\u00e0 di genere nell'istruzione superiore e nella ricerca. SAGE elabora e implementa interventi per avanzare la parit\u00e0 di genere in sette universit\u00e0, e ha sviluppato un modello comprovato che pu\u00f2 essere implementato in tutto il settore della ricerca europeo e oltre.\n<\/p><\/div><\/div>\t\t\t\t<\/div>\n\t\t\t\t<\/div>\n\t\t\t\t<\/div>\n\t\t\t\t<\/div>\n\t\t<div class=\"elementor-element elementor-element-df4c243 e-grid e-con-boxed e-con e-parent\" data-id=\"df4c243\" data-element_type=\"container\" data-settings=\"{&quot;background_background&quot;:&quot;classic&quot;}\">\n\t\t\t\t\t<div class=\"e-con-inner\">\n\t\t\t\t<div class=\"elementor-element elementor-element-682af92 elementor-widget elementor-widget-text-editor\" data-id=\"682af92\" data-element_type=\"widget\" data-widget_type=\"text-editor.default\">\n\t\t\t\t<div class=\"elementor-widget-container\">\n\t\t\t\t\t\t\t\t\t<p>Per rimanere in contatto con noi, scrivi una mail a: <a href=\"mailto:log@unibs.it\"><em>log@unibs.it<\/em><\/a><\/p><p>Via San Faustino, 41 &#8211; 25122 Brescia<\/p>\t\t\t\t\t\t\t\t<\/div>\n\t\t\t\t<\/div>\n\t\t\t\t\t<\/div>\n\t\t\t\t<\/div>\n\t\t\t\t<\/div>\n\t\t","protected":false},"excerpt":{"rendered":"<p>I nostri progetti EVA EVA \u00e8 l\u2019acronimo del progetto europeo \u201cCreaci\u00f3n de capacidades en educaci\u00f3n superior para el fomento de la EMPLEABILIDAD VERDE EN LAS ANTILLAS con enfoque de justicia clim\u00e1tica y de g\u00e9nero\u201d, finanziato nell\u2019ambito del programma ERASMUS-EDU-2024-CBHE. In un contesto caratterizzato da forti disuguaglianze digitali e sfide socioeconomiche, la regione caraibica si trova [&hellip;]<\/p>\n","protected":false},"author":1,"featured_media":0,"parent":0,"menu_order":0,"comment_status":"closed","ping_status":"closed","template":"elementor_header_footer","meta":{"footnotes":""},"class_list":["post-195","page","type-page","status-publish","hentry"],"_links":{"self":[{"href":"https:\/\/logstudi-di-genere.unibs.it\/index.php\/wp-json\/wp\/v2\/pages\/195","targetHints":{"allow":["GET"]}}],"collection":[{"href":"https:\/\/logstudi-di-genere.unibs.it\/index.php\/wp-json\/wp\/v2\/pages"}],"about":[{"href":"https:\/\/logstudi-di-genere.unibs.it\/index.php\/wp-json\/wp\/v2\/types\/page"}],"author":[{"embeddable":true,"href":"https:\/\/logstudi-di-genere.unibs.it\/index.php\/wp-json\/wp\/v2\/users\/1"}],"replies":[{"embeddable":true,"href":"https:\/\/logstudi-di-genere.unibs.it\/index.php\/wp-json\/wp\/v2\/comments?post=195"}],"version-history":[{"count":62,"href":"https:\/\/logstudi-di-genere.unibs.it\/index.php\/wp-json\/wp\/v2\/pages\/195\/revisions"}],"predecessor-version":[{"id":495,"href":"https:\/\/logstudi-di-genere.unibs.it\/index.php\/wp-json\/wp\/v2\/pages\/195\/revisions\/495"}],"wp:attachment":[{"href":"https:\/\/logstudi-di-genere.unibs.it\/index.php\/wp-json\/wp\/v2\/media?parent=195"}],"curies":[{"name":"wp","href":"https:\/\/api.w.org\/{rel}","templated":true}]}}